{"id":12,"date":"2019-05-06T21:08:32","date_gmt":"2019-05-06T21:08:32","guid":{"rendered":"https:\/\/solta-apartmani.com\/v2\/?page_id=12"},"modified":"2019-05-14T17:03:56","modified_gmt":"2019-05-14T17:03:56","slug":"cijene","status":"publish","type":"page","link":"https:\/\/solta-apartmani.com\/cr\/?page_id=12","title":{"rendered":"CIJENE"},"content":{"rendered":"<section class=\"l-section wpb_row height_medium\"><div class=\"l-section-h i-cf\"><div class=\"g-cols offset_small\"><div class=\" full-width\"><\/div><\/div><\/div><\/section><section class=\"l-section wpb_row height_medium\"><div class=\"l-section-h i-cf\"><div class=\"g-cols offset_small\"><div class=\" one-half\"><div class=\"wpb_text_column \"><div class=\"wpb_wrapper\"><strong>01.5. \u2013 31.5.\u00a0 \u00a001.10. \u2013 31.10.<\/strong><\/div> <\/div> <div class=\"w-pricing style_1\"><div class=\"w-pricing-item type_default\"><div class=\"w-pricing-item-h\"><div class=\"w-pricing-item-header\"><h5 class=\"w-pricing-item-title\">APARTMAN 2+1<\/h5><div class=\"w-pricing-item-price\">40 \u20ac\t<small>po danu<\/small><\/div><\/div><div class=\"w-pricing-item-footer\"><a class=\"w-btn style_solid size_small color_primary icon_none\" href=\"https:\/\/solta-apartmani.com\/cr\/?page_id=153\" title=\"REZERVACIJE\"><span class=\"w-btn-label\">Rezervi\u0161i!<\/span><\/a><\/div><\/div><\/div><div class=\"w-pricing-item type_default\"><div class=\"w-pricing-item-h\"><div class=\"w-pricing-item-header\"><h5 class=\"w-pricing-item-title\">APARTMAN 4+1<\/h5><div class=\"w-pricing-item-price\">50 \u20ac\t<small>po danu<\/small><\/div><\/div><div class=\"w-pricing-item-footer\"><a class=\"w-btn style_solid size_small color_primary icon_none\" href=\"https:\/\/solta-apartmani.com\/cr\/?page_id=153\" title=\"REZERVACIJE\"><span class=\"w-btn-label\">Rezervi\u0161i!<\/span><\/a><\/div><\/div><\/div><div class=\"w-pricing-item type_default\"><div class=\"w-pricing-item-h\"><div class=\"w-pricing-item-header\"><h5 class=\"w-pricing-item-title\">APARTMAN 6+1<\/h5><div class=\"w-pricing-item-price\">80 \u20ac\t<small>po danu<\/small><\/div><\/div><div class=\"w-pricing-item-footer\"><a class=\"w-btn style_solid size_small color_primary icon_none\" href=\"https:\/\/solta-apartmani.com\/cr\/?page_id=153\" title=\"REZERVACIJE\"><span class=\"w-btn-label\">Rezervi\u0161i!<\/span><\/a><\/div><\/div><\/div><\/div><\/div><div class=\" one-half\"><div class=\"wpb_text_column \"><div class=\"wpb_wrapper\"><strong>01.6. \u2013 30.6.\u00a0 \u00a0 01.9. \u2013 30.9.\u00a0 \u00a0 \u00a0<\/strong><\/div> <\/div> <div class=\"w-pricing style_1\"><div class=\"w-pricing-item type_default\"><div class=\"w-pricing-item-h\"><div class=\"w-pricing-item-header\"><h5 class=\"w-pricing-item-title\">APARTMAN 2+1<\/h5><div class=\"w-pricing-item-price\">45 \u20ac\t<small>po danu<\/small><\/div><\/div><div class=\"w-pricing-item-footer\"><a class=\"w-btn style_solid size_small color_primary icon_none\" href=\"https:\/\/solta-apartmani.com\/cr\/?page_id=153\" title=\"REZERVACIJE\"><span class=\"w-btn-label\">Rezervi\u0161i!<\/span><\/a><\/div><\/div><\/div><div class=\"w-pricing-item type_default\"><div class=\"w-pricing-item-h\"><div class=\"w-pricing-item-header\"><h5 class=\"w-pricing-item-title\">APARTMAN 4+1<\/h5><div class=\"w-pricing-item-price\">55 \u20ac\t<small>po danu<\/small><\/div><\/div><div class=\"w-pricing-item-footer\"><a class=\"w-btn style_solid size_small color_primary icon_none\" href=\"https:\/\/solta-apartmani.com\/cr\/?page_id=153\" title=\"REZERVACIJE\"><span class=\"w-btn-label\">Rezervi\u0161i!<\/span><\/a><\/div><\/div><\/div><div class=\"w-pricing-item type_default\"><div class=\"w-pricing-item-h\"><div class=\"w-pricing-item-header\"><h5 class=\"w-pricing-item-title\">APARTMAN 6+1<\/h5><div class=\"w-pricing-item-price\">85 \u20ac\t<small>po danu<\/small><\/div><\/div><div class=\"w-pricing-item-footer\"><a class=\"w-btn style_solid size_small color_primary icon_none\" href=\"https:\/\/solta-apartmani.com\/cr\/?page_id=153\" title=\"REZERVACIJE\"><span class=\"w-btn-label\">Rezervi\u0161i!<\/span><\/a><\/div><\/div><\/div><\/div><\/div><\/div><\/div><\/section><section class=\"l-section wpb_row height_medium\"><div class=\"l-section-h i-cf\"><div class=\"g-cols offset_small\"><div class=\" one-half\"><div class=\"wpb_text_column \"><div class=\"wpb_wrapper\"><strong>01.7. \u2013 31.8.<\/strong><\/div> <\/div> <div class=\"w-pricing style_1\"><div class=\"w-pricing-item type_default\"><div class=\"w-pricing-item-h\"><div class=\"w-pricing-item-header\"><h5 class=\"w-pricing-item-title\">APARTMAN 2+1<\/h5><div class=\"w-pricing-item-price\">50 \u20ac\t<small>po danu<\/small><\/div><\/div><div class=\"w-pricing-item-footer\"><a class=\"w-btn style_solid size_small color_primary icon_none\" href=\"https:\/\/solta-apartmani.com\/cr\/?page_id=153\" title=\"REZERVACIJE\"><span class=\"w-btn-label\">Rezervi\u0161i!<\/span><\/a><\/div><\/div><\/div><div class=\"w-pricing-item type_default\"><div class=\"w-pricing-item-h\"><div class=\"w-pricing-item-header\"><h5 class=\"w-pricing-item-title\">APARTMAN 4+1<\/h5><div class=\"w-pricing-item-price\">60 \u20ac\t<small>po danu<\/small><\/div><\/div><div class=\"w-pricing-item-footer\"><a class=\"w-btn style_solid size_small color_primary icon_none\" href=\"https:\/\/solta-apartmani.com\/cr\/?page_id=153\" title=\"REZERVACIJE\"><span class=\"w-btn-label\">Rezervi\u0161i!<\/span><\/a><\/div><\/div><\/div><div class=\"w-pricing-item type_default\"><div class=\"w-pricing-item-h\"><div class=\"w-pricing-item-header\"><h5 class=\"w-pricing-item-title\">APARTMAN 6+1<\/h5><div class=\"w-pricing-item-price\">90 \u20ac\t<small>po danu<\/small><\/div><\/div><div class=\"w-pricing-item-footer\"><a class=\"w-btn style_solid size_small color_primary icon_none\" href=\"https:\/\/solta-apartmani.com\/cr\/?page_id=153\" title=\"REZERVACIJE\"><span class=\"w-btn-label\">Rezervi\u0161i!<\/span><\/a><\/div><\/div><\/div><\/div><\/div><div class=\" one-half\"><div class=\"wpb_text_column \"><div class=\"wpb_wrapper\">\n<table border=\"1\">\n<tbody>\n<tr>\n<td><strong>Period<\/strong><\/td>\n<td><strong><span data-scayt_word=\"Boravi\u0161na\" data-scaytid=\"2\">Boravi\u0161na<\/span>\u00a0<span data-scayt_word=\"pristojba\" data-scaytid=\"3\">pristojba<\/span><\/strong><\/td>\n<\/tr>\n<tr>\n<td>31.5. &#8211; 27.9.<\/td>\n<td>6,<span data-scayt_word=\"50kn\" data-scaytid=\"4\">50kn<\/span><\/td>\n<\/tr>\n<\/tbody>\n<\/table>\n<\/div> <\/div> <div class=\"wpb_text_column \"><div class=\"wpb_wrapper\">\n<p>Cijene smje\u0161taja izra\u017eene su po apartmanu po danu. Na cijenu smje\u0161taja dodaje se iznos boravi\u0161ne pristojbe po osobi po danu, djeca od 12-18 godina pla\u0107aju 50% iznosa boravi\u0161ne pristojbe, a mla\u0111a djeca ne pla\u0107aju boravi\u0161nu pristojbu.<\/p>\n<p>Boravak kra\u0107i od 7 dana napla\u0107uje se dodatnih 20%. Boravak ku\u0107nih ljubimaca napla\u0107uje se 5 \u20ac po danu.<\/div> <\/div> <\/div><\/div><\/div><\/section><section class=\"l-section wpb_row height_medium\"><div class=\"l-section-h i-cf\"><div class=\"g-cols offset_small\"><div class=\" full-width\"><\/div><\/div><\/div><\/section>\n","protected":false},"excerpt":{"rendered":"01.5. \u2013 31.5.\u00a0 \u00a001.10. \u2013 31.10. APARTMAN 2+140 \u20ac po danuRezervi\u0161i!APARTMAN 4+150 \u20ac po danuRezervi\u0161i!APARTMAN 6+180 \u20ac po danuRezervi\u0161i!01.6. \u2013 30.6.\u00a0 \u00a0 01.9. \u2013 30.9.\u00a0 \u00a0 \u00a0 APARTMAN 2+145 \u20ac po danuRezervi\u0161i!APARTMAN 4+155 \u20ac po danuRezervi\u0161i!APARTMAN 6+185 \u20ac po danuRezervi\u0161i!01.7. \u2013 31.8. APARTMAN 2+150 \u20ac po danuRezervi\u0161i!APARTMAN 4+160 \u20ac po danuRezervi\u0161i!APARTMAN 6+190 \u20ac po danuRezervi\u0161i!...","protected":false},"author":2,"featured_media":0,"parent":0,"menu_order":0,"comment_status":"closed","ping_status":"closed","template":"","meta":{"footnotes":""},"class_list":["post-12","page","type-page","status-publish","hentry"],"yoast_head":"<!-- This site is optimized with the Yoast SEO plugin v27.2 - https:\/\/yoast.com\/product\/yoast-seo-wordpress\/ -->\n<title>CIJENE - Vila Ivan - Apartmani \u0160olta<\/title>\n<meta name=\"robots\" content=\"index, follow, max-snippet:-1, max-image-preview:large, max-video-preview:-1\" \/>\n<link rel=\"canonical\" href=\"https:\/\/solta-apartmani.com\/cr\/?page_id=12\" \/>\n<meta property=\"og:locale\" content=\"en_US\" \/>\n<meta property=\"og:type\" content=\"article\" \/>\n<meta property=\"og:title\" content=\"CIJENE - Vila Ivan - Apartmani \u0160olta\" \/>\n<meta property=\"og:url\" content=\"https:\/\/solta-apartmani.com\/cr\/?page_id=12\" \/>\n<meta property=\"og:site_name\" content=\"Vila Ivan - Apartmani \u0160olta\" \/>\n<meta property=\"article:modified_time\" content=\"2019-05-14T17:03:56+00:00\" \/>\n<meta name=\"twitter:card\" content=\"summary_large_image\" \/>\n<meta name=\"twitter:label1\" content=\"Est. reading time\" \/>\n\t<meta name=\"twitter:data1\" content=\"4 minutes\" \/>\n<script type=\"application\/ld+json\" class=\"yoast-schema-graph\">{\"@context\":\"https:\/\/schema.org\",\"@graph\":[{\"@type\":\"WebPage\",\"@id\":\"https:\/\/solta-apartmani.com\/cr\/?page_id=12\",\"url\":\"https:\/\/solta-apartmani.com\/cr\/?page_id=12\",\"name\":\"CIJENE - Vila Ivan - Apartmani \u0160olta\",\"isPartOf\":{\"@id\":\"https:\/\/solta-apartmani.com\/cr\/#website\"},\"datePublished\":\"2019-05-06T21:08:32+00:00\",\"dateModified\":\"2019-05-14T17:03:56+00:00\",\"breadcrumb\":{\"@id\":\"https:\/\/solta-apartmani.com\/cr\/?page_id=12#breadcrumb\"},\"inLanguage\":\"en-US\",\"potentialAction\":[{\"@type\":\"ReadAction\",\"target\":[\"https:\/\/solta-apartmani.com\/cr\/?page_id=12\"]}]},{\"@type\":\"BreadcrumbList\",\"@id\":\"https:\/\/solta-apartmani.com\/cr\/?page_id=12#breadcrumb\",\"itemListElement\":[{\"@type\":\"ListItem\",\"position\":1,\"name\":\"Home\",\"item\":\"https:\/\/solta-apartmani.com\/cr\/\"},{\"@type\":\"ListItem\",\"position\":2,\"name\":\"CIJENE\"}]},{\"@type\":\"WebSite\",\"@id\":\"https:\/\/solta-apartmani.com\/cr\/#website\",\"url\":\"https:\/\/solta-apartmani.com\/cr\/\",\"name\":\"Vila Ivan - Apartmani \u0160olta\",\"description\":\"Vila Ivan - Apartmani \u0160olta\",\"potentialAction\":[{\"@type\":\"SearchAction\",\"target\":{\"@type\":\"EntryPoint\",\"urlTemplate\":\"https:\/\/solta-apartmani.com\/cr\/?s={search_term_string}\"},\"query-input\":{\"@type\":\"PropertyValueSpecification\",\"valueRequired\":true,\"valueName\":\"search_term_string\"}}],\"inLanguage\":\"en-US\"}]}<\/script>\n<!-- \/ Yoast SEO plugin. -->","yoast_head_json":{"title":"CIJENE - Vila Ivan - Apartmani \u0160olta","robots":{"index":"index","follow":"follow","max-snippet":"max-snippet:-1","max-image-preview":"max-image-preview:large","max-video-preview":"max-video-preview:-1"},"canonical":"https:\/\/solta-apartmani.com\/cr\/?page_id=12","og_locale":"en_US","og_type":"article","og_title":"CIJENE - Vila Ivan - Apartmani \u0160olta","og_url":"https:\/\/solta-apartmani.com\/cr\/?page_id=12","og_site_name":"Vila Ivan - Apartmani \u0160olta","article_modified_time":"2019-05-14T17:03:56+00:00","twitter_card":"summary_large_image","twitter_misc":{"Est. reading time":"4 minutes"},"schema":{"@context":"https:\/\/schema.org","@graph":[{"@type":"WebPage","@id":"https:\/\/solta-apartmani.com\/cr\/?page_id=12","url":"https:\/\/solta-apartmani.com\/cr\/?page_id=12","name":"CIJENE - Vila Ivan - Apartmani \u0160olta","isPartOf":{"@id":"https:\/\/solta-apartmani.com\/cr\/#website"},"datePublished":"2019-05-06T21:08:32+00:00","dateModified":"2019-05-14T17:03:56+00:00","breadcrumb":{"@id":"https:\/\/solta-apartmani.com\/cr\/?page_id=12#breadcrumb"},"inLanguage":"en-US","potentialAction":[{"@type":"ReadAction","target":["https:\/\/solta-apartmani.com\/cr\/?page_id=12"]}]},{"@type":"BreadcrumbList","@id":"https:\/\/solta-apartmani.com\/cr\/?page_id=12#breadcrumb","itemListElement":[{"@type":"ListItem","position":1,"name":"Home","item":"https:\/\/solta-apartmani.com\/cr\/"},{"@type":"ListItem","position":2,"name":"CIJENE"}]},{"@type":"WebSite","@id":"https:\/\/solta-apartmani.com\/cr\/#website","url":"https:\/\/solta-apartmani.com\/cr\/","name":"Vila Ivan - Apartmani \u0160olta","description":"Vila Ivan - Apartmani \u0160olta","potentialAction":[{"@type":"SearchAction","target":{"@type":"EntryPoint","urlTemplate":"https:\/\/solta-apartmani.com\/cr\/?s={search_term_string}"},"query-input":{"@type":"PropertyValueSpecification","valueRequired":true,"valueName":"search_term_string"}}],"inLanguage":"en-US"}]}},"_links":{"self":[{"href":"https:\/\/solta-apartmani.com\/cr\/index.php?rest_route=\/wp\/v2\/pages\/12","targetHints":{"allow":["GET"]}}],"collection":[{"href":"https:\/\/solta-apartmani.com\/cr\/index.php?rest_route=\/wp\/v2\/pages"}],"about":[{"href":"https:\/\/solta-apartmani.com\/cr\/index.php?rest_route=\/wp\/v2\/types\/page"}],"author":[{"embeddable":true,"href":"https:\/\/solta-apartmani.com\/cr\/index.php?rest_route=\/wp\/v2\/users\/2"}],"replies":[{"embeddable":true,"href":"https:\/\/solta-apartmani.com\/cr\/index.php?rest_route=%2Fwp%2Fv2%2Fcomments&post=12"}],"version-history":[{"count":26,"href":"https:\/\/solta-apartmani.com\/cr\/index.php?rest_route=\/wp\/v2\/pages\/12\/revisions"}],"predecessor-version":[{"id":158,"href":"https:\/\/solta-apartmani.com\/cr\/index.php?rest_route=\/wp\/v2\/pages\/12\/revisions\/158"}],"wp:attachment":[{"href":"https:\/\/solta-apartmani.com\/cr\/index.php?rest_route=%2Fwp%2Fv2%2Fmedia&parent=12"}],"curies":[{"name":"wp","href":"https:\/\/api.w.org\/{rel}","templated":true}]}}