{"id":14,"date":"2019-05-06T21:08:47","date_gmt":"2019-05-06T21:08:47","guid":{"rendered":"https:\/\/solta-apartmani.com\/v2\/?page_id=14"},"modified":"2019-05-06T21:20:32","modified_gmt":"2019-05-06T21:20:32","slug":"kako-do-nas","status":"publish","type":"page","link":"https:\/\/solta-apartmani.com\/cr\/?page_id=14","title":{"rendered":"KAKO DO NAS"},"content":{"rendered":"\n<p><strong>Otok&nbsp;\u0160olta<\/strong>&nbsp;povezan&nbsp;je&nbsp;sa&nbsp;Splitom&nbsp;redovnim&nbsp;trajektnim&nbsp;linijama&nbsp;(vidi&nbsp;linkove&nbsp;na&nbsp;dnu&nbsp;stranice)&nbsp;te&nbsp;preko&nbsp;ljeta&nbsp;i&nbsp;brojnimizletni\u010dkim&nbsp;linijama.&nbsp;Na\u0161i&nbsp;apartmani&nbsp;smje\u0161teni&nbsp;su&nbsp;<strong>u&nbsp;sredi\u0161tu&nbsp;Ne\u010dujma<\/strong>, \u0161to&nbsp;mo\u017eete&nbsp;vidjeti&nbsp;na&nbsp;donjoj&nbsp;slici.<\/p>\n\n\n\n<p>Korisni&nbsp;linkovi:<\/p>\n\n\n\n<p><a href=\"http:\/\/www.jadrolinija.hr\/\">Jadrolinija<\/a>&nbsp;&#8211;&nbsp;Trajektne&nbsp;linije&nbsp;za&nbsp;Split<\/p>\n\n\n\n<p><a href=\"http:\/\/www.split-airport.hr\/\">Zra\u010dna&nbsp;luka&nbsp;Split<\/a>&nbsp;&#8211;&nbsp;Avionske&nbsp;linije&nbsp;za&nbsp;Split<\/p>\n","protected":false},"excerpt":{"rendered":"<p>Otok&nbsp;\u0160olta&nbsp;povezan&nbsp;je&nbsp;sa&nbsp;Splitom&nbsp;redovnim&nbsp;trajektnim&nbsp;linijama&nbsp;(vidi&nbsp;linkove&nbsp;na&nbsp;dnu&nbsp;stranice)&nbsp;te&nbsp;preko&nbsp;ljeta&nbsp;i&nbsp;brojnimizletni\u010dkim&nbsp;linijama.&nbsp;Na\u0161i&nbsp;apartmani&nbsp;smje\u0161teni&nbsp;su&nbsp;u&nbsp;sredi\u0161tu&nbsp;Ne\u010dujma, \u0161to&nbsp;mo\u017eete&nbsp;vidjeti&nbsp;na&nbsp;donjoj&nbsp;slici. Korisni&nbsp;linkovi: Jadrolinija&nbsp;&#8211;&nbsp;Trajektne&nbsp;linije&nbsp;za&nbsp;Split Zra\u010dna&nbsp;luka&nbsp;Split&nbsp;&#8211;&nbsp;Avionske&nbsp;linije&nbsp;za&nbsp;Split<\/p>\n","protected":false},"author":2,"featured_media":0,"parent":0,"menu_order":0,"comment_status":"closed","ping_status":"closed","template":"","meta":{"footnotes":""},"class_list":["post-14","page","type-page","status-publish","hentry"],"yoast_head":"<!-- This site is optimized with the Yoast SEO plugin v27.2 - https:\/\/yoast.com\/product\/yoast-seo-wordpress\/ -->\n<title>KAKO DO NAS - Vila Ivan - Apartmani \u0160olta<\/title>\n<meta name=\"robots\" content=\"index, follow, max-snippet:-1, max-image-preview:large, max-video-preview:-1\" \/>\n<link rel=\"canonical\" href=\"https:\/\/solta-apartmani.com\/cr\/?page_id=14\" \/>\n<meta property=\"og:locale\" content=\"en_US\" \/>\n<meta property=\"og:type\" content=\"article\" \/>\n<meta property=\"og:title\" content=\"KAKO DO NAS - Vila Ivan - Apartmani \u0160olta\" \/>\n<meta property=\"og:description\" content=\"Otok&nbsp;\u0160olta&nbsp;povezan&nbsp;je&nbsp;sa&nbsp;Splitom&nbsp;redovnim&nbsp;trajektnim&nbsp;linijama&nbsp;(vidi&nbsp;linkove&nbsp;na&nbsp;dnu&nbsp;stranice)&nbsp;te&nbsp;preko&nbsp;ljeta&nbsp;i&nbsp;brojnimizletni\u010dkim&nbsp;linijama.&nbsp;Na\u0161i&nbsp;apartmani&nbsp;smje\u0161teni&nbsp;su&nbsp;u&nbsp;sredi\u0161tu&nbsp;Ne\u010dujma, \u0161to&nbsp;mo\u017eete&nbsp;vidjeti&nbsp;na&nbsp;donjoj&nbsp;slici. Korisni&nbsp;linkovi: Jadrolinija&nbsp;&#8211;&nbsp;Trajektne&nbsp;linije&nbsp;za&nbsp;Split Zra\u010dna&nbsp;luka&nbsp;Split&nbsp;&#8211;&nbsp;Avionske&nbsp;linije&nbsp;za&nbsp;Split\" \/>\n<meta property=\"og:url\" content=\"https:\/\/solta-apartmani.com\/cr\/?page_id=14\" \/>\n<meta property=\"og:site_name\" content=\"Vila Ivan - Apartmani \u0160olta\" \/>\n<meta property=\"article:modified_time\" content=\"2019-05-06T21:20:32+00:00\" \/>\n<meta name=\"twitter:card\" content=\"summary_large_image\" \/>\n<meta name=\"twitter:label1\" content=\"Est. reading time\" \/>\n\t<meta name=\"twitter:data1\" content=\"1 minute\" \/>\n<script type=\"application\/ld+json\" class=\"yoast-schema-graph\">{\"@context\":\"https:\/\/schema.org\",\"@graph\":[{\"@type\":\"WebPage\",\"@id\":\"https:\/\/solta-apartmani.com\/cr\/?page_id=14\",\"url\":\"https:\/\/solta-apartmani.com\/cr\/?page_id=14\",\"name\":\"KAKO DO NAS - Vila Ivan - Apartmani \u0160olta\",\"isPartOf\":{\"@id\":\"https:\/\/solta-apartmani.com\/cr\/#website\"},\"datePublished\":\"2019-05-06T21:08:47+00:00\",\"dateModified\":\"2019-05-06T21:20:32+00:00\",\"breadcrumb\":{\"@id\":\"https:\/\/solta-apartmani.com\/cr\/?page_id=14#breadcrumb\"},\"inLanguage\":\"en-US\",\"potentialAction\":[{\"@type\":\"ReadAction\",\"target\":[\"https:\/\/solta-apartmani.com\/cr\/?page_id=14\"]}]},{\"@type\":\"BreadcrumbList\",\"@id\":\"https:\/\/solta-apartmani.com\/cr\/?page_id=14#breadcrumb\",\"itemListElement\":[{\"@type\":\"ListItem\",\"position\":1,\"name\":\"Home\",\"item\":\"https:\/\/solta-apartmani.com\/cr\/\"},{\"@type\":\"ListItem\",\"position\":2,\"name\":\"KAKO DO NAS\"}]},{\"@type\":\"WebSite\",\"@id\":\"https:\/\/solta-apartmani.com\/cr\/#website\",\"url\":\"https:\/\/solta-apartmani.com\/cr\/\",\"name\":\"Vila Ivan - Apartmani \u0160olta\",\"description\":\"Vila Ivan - Apartmani \u0160olta\",\"potentialAction\":[{\"@type\":\"SearchAction\",\"target\":{\"@type\":\"EntryPoint\",\"urlTemplate\":\"https:\/\/solta-apartmani.com\/cr\/?s={search_term_string}\"},\"query-input\":{\"@type\":\"PropertyValueSpecification\",\"valueRequired\":true,\"valueName\":\"search_term_string\"}}],\"inLanguage\":\"en-US\"}]}<\/script>\n<!-- \/ Yoast SEO plugin. -->","yoast_head_json":{"title":"KAKO DO NAS - Vila Ivan - Apartmani \u0160olta","robots":{"index":"index","follow":"follow","max-snippet":"max-snippet:-1","max-image-preview":"max-image-preview:large","max-video-preview":"max-video-preview:-1"},"canonical":"https:\/\/solta-apartmani.com\/cr\/?page_id=14","og_locale":"en_US","og_type":"article","og_title":"KAKO DO NAS - Vila Ivan - Apartmani \u0160olta","og_description":"Otok&nbsp;\u0160olta&nbsp;povezan&nbsp;je&nbsp;sa&nbsp;Splitom&nbsp;redovnim&nbsp;trajektnim&nbsp;linijama&nbsp;(vidi&nbsp;linkove&nbsp;na&nbsp;dnu&nbsp;stranice)&nbsp;te&nbsp;preko&nbsp;ljeta&nbsp;i&nbsp;brojnimizletni\u010dkim&nbsp;linijama.&nbsp;Na\u0161i&nbsp;apartmani&nbsp;smje\u0161teni&nbsp;su&nbsp;u&nbsp;sredi\u0161tu&nbsp;Ne\u010dujma, \u0161to&nbsp;mo\u017eete&nbsp;vidjeti&nbsp;na&nbsp;donjoj&nbsp;slici. Korisni&nbsp;linkovi: Jadrolinija&nbsp;&#8211;&nbsp;Trajektne&nbsp;linije&nbsp;za&nbsp;Split Zra\u010dna&nbsp;luka&nbsp;Split&nbsp;&#8211;&nbsp;Avionske&nbsp;linije&nbsp;za&nbsp;Split","og_url":"https:\/\/solta-apartmani.com\/cr\/?page_id=14","og_site_name":"Vila Ivan - Apartmani \u0160olta","article_modified_time":"2019-05-06T21:20:32+00:00","twitter_card":"summary_large_image","twitter_misc":{"Est. reading time":"1 minute"},"schema":{"@context":"https:\/\/schema.org","@graph":[{"@type":"WebPage","@id":"https:\/\/solta-apartmani.com\/cr\/?page_id=14","url":"https:\/\/solta-apartmani.com\/cr\/?page_id=14","name":"KAKO DO NAS - Vila Ivan - Apartmani \u0160olta","isPartOf":{"@id":"https:\/\/solta-apartmani.com\/cr\/#website"},"datePublished":"2019-05-06T21:08:47+00:00","dateModified":"2019-05-06T21:20:32+00:00","breadcrumb":{"@id":"https:\/\/solta-apartmani.com\/cr\/?page_id=14#breadcrumb"},"inLanguage":"en-US","potentialAction":[{"@type":"ReadAction","target":["https:\/\/solta-apartmani.com\/cr\/?page_id=14"]}]},{"@type":"BreadcrumbList","@id":"https:\/\/solta-apartmani.com\/cr\/?page_id=14#breadcrumb","itemListElement":[{"@type":"ListItem","position":1,"name":"Home","item":"https:\/\/solta-apartmani.com\/cr\/"},{"@type":"ListItem","position":2,"name":"KAKO DO NAS"}]},{"@type":"WebSite","@id":"https:\/\/solta-apartmani.com\/cr\/#website","url":"https:\/\/solta-apartmani.com\/cr\/","name":"Vila Ivan - Apartmani \u0160olta","description":"Vila Ivan - Apartmani \u0160olta","potentialAction":[{"@type":"SearchAction","target":{"@type":"EntryPoint","urlTemplate":"https:\/\/solta-apartmani.com\/cr\/?s={search_term_string}"},"query-input":{"@type":"PropertyValueSpecification","valueRequired":true,"valueName":"search_term_string"}}],"inLanguage":"en-US"}]}},"_links":{"self":[{"href":"https:\/\/solta-apartmani.com\/cr\/index.php?rest_route=\/wp\/v2\/pages\/14","targetHints":{"allow":["GET"]}}],"collection":[{"href":"https:\/\/solta-apartmani.com\/cr\/index.php?rest_route=\/wp\/v2\/pages"}],"about":[{"href":"https:\/\/solta-apartmani.com\/cr\/index.php?rest_route=\/wp\/v2\/types\/page"}],"author":[{"embeddable":true,"href":"https:\/\/solta-apartmani.com\/cr\/index.php?rest_route=\/wp\/v2\/users\/2"}],"replies":[{"embeddable":true,"href":"https:\/\/solta-apartmani.com\/cr\/index.php?rest_route=%2Fwp%2Fv2%2Fcomments&post=14"}],"version-history":[{"count":2,"href":"https:\/\/solta-apartmani.com\/cr\/index.php?rest_route=\/wp\/v2\/pages\/14\/revisions"}],"predecessor-version":[{"id":43,"href":"https:\/\/solta-apartmani.com\/cr\/index.php?rest_route=\/wp\/v2\/pages\/14\/revisions\/43"}],"wp:attachment":[{"href":"https:\/\/solta-apartmani.com\/cr\/index.php?rest_route=%2Fwp%2Fv2%2Fmedia&parent=14"}],"curies":[{"name":"wp","href":"https:\/\/api.w.org\/{rel}","templated":true}]}}