{"id":19,"date":"2019-05-06T21:10:54","date_gmt":"2019-05-06T21:10:54","guid":{"rendered":"https:\/\/solta-apartmani.com\/v2\/?page_id=19"},"modified":"2019-05-14T17:06:03","modified_gmt":"2019-05-14T17:06:03","slug":"pocetna","status":"publish","type":"page","link":"https:\/\/solta-apartmani.com\/cr\/","title":{"rendered":"PO\u010cETNA"},"content":{"rendered":"<section class=\"l-section wpb_row height_medium\"><div class=\"l-section-h i-cf\"><div class=\"g-cols offset_small\"><div class=\" full-width\">[rev_slider_vc alias=&#8221;glavnislider&#8221;]<\/div><\/div><\/div><\/section><section class=\"l-section wpb_row height_medium\"><div class=\"l-section-h i-cf\"><div class=\"g-cols offset_small\"><div class=\" two-thirds\"><div class=\"wpb_text_column \"><div class=\"wpb_wrapper\">\n<h4>DOBRODO\u0160LI NA WEB STRANICU VILA IVAN &#8211; APARTMANI \u0160OLTA, VL. DARIO PEKI\u0106<\/h4>\n<\/div> <\/div> <div class=\"wpb_text_column \"><div class=\"wpb_wrapper\"><p>Ne\u010dujam je najmla\u0111e mjesto otoka \u0160olte, nastalo izgradnjom vikendica, ali i osmi\u0161ljenom hotelskom izgradnjom. Ne\u010dujam je najve\u0107a, i po mnogima najljep\u0161a uvala na \u0160olti. Sredi\u0161te je oto\u010dkog turizma te svojim turisti\u010dkim naseljem pru\u017ea ugodan odmor turistima svih nivoa, a mnogi su tradicionalni posjetioci desetlje\u0107ima. Uvale Ne\u010dujma (Pi\u0161kera, Maslinica, Podkamenica, \u0160umpljivina i Tiha) veliki su potencijal razvoju nauti\u010dkog turizma, ali i izletni\u010dkog.<\/p>\n<p>Danas je Ne\u010dujam moderno turisti\u010dko mjesto koje je sa Splitom povezano nekoliko puta dnevno, a sa ostatkom otoka povezano je autobusnom i taxi linijom. Ne\u010dujam je centar \u0160oltanskog turizma upravo zbog na\u0161eg apartmanskog naselja koje se u njemu nalazi.<\/p>\n<p>Pla\u017ea je u Ne\u010dujmu najve\u0107a na cijelom otoku. Umjetno je nasuta sitno granuliranim oblutcima koji su po ispitivanjima najidealniji agregat za nasipanje pla\u017ea. Pla\u017ea se redovito odr\u017eava i \u010disti, a uz nju postoje dodatni sadr\u017eaji poput tu\u0161eva, dva pla\u017ena buffeta, vodeni tobogan, iznajmljivanje brodova, fast-food, tenis igrali\u0161ta i stolovi za stolni tenis.<\/p><\/div> <\/div> <div class=\"w-tabs layout_default icon_chevron iconpos_right \"><div class=\"w-tabs-list items_3 stretch\"><div class=\"w-tabs-list-h\"><div class=\"w-tabs-item active\" style=\"font-size: CIJENE SMJE\u0160TAJA\"><a href=\"#1557217546486-8b2769d5-ebfa\" class=\"w-tabs-item-h\"><span class=\"w-tabs-item-title\">01.5. \u2013 31.5. 01.10. \u2013 31.10.<\/span><\/a><\/div>\n<div class=\"w-tabs-item\" style=\"font-size: CIJENE SMJE\u0160TAJA\"><a href=\"#1557217546546-a296cdc0-a956\" class=\"w-tabs-item-h\"><span class=\"w-tabs-item-title\">01.6. \u2013 30.6. 01.9. \u2013 30.9.<\/span><\/a><\/div>\n<div class=\"w-tabs-item\" style=\"font-size: CIJENE SMJE\u0160TAJA\"><a href=\"#1557217583249-fbde5740-b499\" class=\"w-tabs-item-h\"><span class=\"w-tabs-item-title\">01.7. \u2013 31.8.<\/span><\/a><\/div>\n<\/div><\/div><div class=\"w-tabs-sections\"><div class=\"w-tabs-sections-h\"><div class=\"w-tabs-section active\" id=\"1557217546486-8b2769d5-ebfa\"><a href=\"#1557217546486-8b2769d5-ebfa\" class=\"w-tabs-section-header\" style=\"font-size: CIJENE SMJE\u0160TAJA\"><div class=\"w-tabs-section-header-h\"><h5 class=\"w-tabs-section-title\">01.5. \u2013 31.5. 01.10. \u2013 31.10.<\/h5><div class=\"w-tabs-section-control\"><\/div><\/div><\/a><div class=\"w-tabs-section-content\"><div class=\"w-tabs-section-content-h i-cf\"><div class=\"w-pricing style_1\"><div class=\"w-pricing-item type_default\"><div class=\"w-pricing-item-h\"><div class=\"w-pricing-item-header\"><h5 class=\"w-pricing-item-title\">APARTMAN 2+1<\/h5><div class=\"w-pricing-item-price\">40 \u20ac\t<small>po danu<\/small><\/div><\/div><div class=\"w-pricing-item-footer\"><a class=\"w-btn style_solid size_small color_primary icon_none\" href=\"https:\/\/solta-apartmani.com\/cr\/?page_id=153\" title=\"REZERVACIJE\"><span class=\"w-btn-label\">Rezervi\u0161i!<\/span><\/a><\/div><\/div><\/div><div class=\"w-pricing-item type_default\"><div class=\"w-pricing-item-h\"><div class=\"w-pricing-item-header\"><h5 class=\"w-pricing-item-title\">APARTMAN 4+1<\/h5><div class=\"w-pricing-item-price\">50 \u20ac\t<small>po danu<\/small><\/div><\/div><div class=\"w-pricing-item-footer\"><a class=\"w-btn style_solid size_small color_primary icon_none\" href=\"https:\/\/solta-apartmani.com\/cr\/?page_id=153\" title=\"REZERVACIJE\"><span class=\"w-btn-label\">Rezervi\u0161i!<\/span><\/a><\/div><\/div><\/div><div class=\"w-pricing-item type_default\"><div class=\"w-pricing-item-h\"><div class=\"w-pricing-item-header\"><h5 class=\"w-pricing-item-title\">APARTMAN 6+1<\/h5><div class=\"w-pricing-item-price\">80 \u20ac\t<small>po danu<\/small><\/div><\/div><div class=\"w-pricing-item-footer\"><a class=\"w-btn style_solid size_small color_primary icon_none\" href=\"https:\/\/solta-apartmani.com\/cr\/?page_id=153\" title=\"REZERVACIJE\"><span class=\"w-btn-label\">Rezervi\u0161i!<\/span><\/a><\/div><\/div><\/div><\/div><\/div><\/div><\/div><div class=\"w-tabs-section\" id=\"1557217546546-a296cdc0-a956\"><a href=\"#1557217546546-a296cdc0-a956\" class=\"w-tabs-section-header\" style=\"font-size: CIJENE SMJE\u0160TAJA\"><div class=\"w-tabs-section-header-h\"><h5 class=\"w-tabs-section-title\">01.6. \u2013 30.6. 01.9. \u2013 30.9.<\/h5><div class=\"w-tabs-section-control\"><\/div><\/div><\/a><div class=\"w-tabs-section-content\"><div class=\"w-tabs-section-content-h i-cf\"><div class=\"w-pricing style_1\"><div class=\"w-pricing-item type_default\"><div class=\"w-pricing-item-h\"><div class=\"w-pricing-item-header\"><h5 class=\"w-pricing-item-title\">APARTMAN 2+1<\/h5><div class=\"w-pricing-item-price\">45 \u20ac\t<small>po danu<\/small><\/div><\/div><div class=\"w-pricing-item-footer\"><a class=\"w-btn style_solid size_small color_primary icon_none\" href=\"https:\/\/solta-apartmani.com\/cr\/?page_id=153\"><span class=\"w-btn-label\">Rezervi\u0161i!<\/span><\/a><\/div><\/div><\/div><div class=\"w-pricing-item type_default\"><div class=\"w-pricing-item-h\"><div class=\"w-pricing-item-header\"><h5 class=\"w-pricing-item-title\">APARTMAN 4+1<\/h5><div class=\"w-pricing-item-price\">55 \u20ac\t<small>po danu<\/small><\/div><\/div><div class=\"w-pricing-item-footer\"><a class=\"w-btn style_solid size_small color_primary icon_none\" href=\"https:\/\/solta-apartmani.com\/cr\/?page_id=153\"><span class=\"w-btn-label\">Rezervi\u0161i!<\/span><\/a><\/div><\/div><\/div><div class=\"w-pricing-item type_default\"><div class=\"w-pricing-item-h\"><div class=\"w-pricing-item-header\"><h5 class=\"w-pricing-item-title\">APARTMAN 6+1<\/h5><div class=\"w-pricing-item-price\">85 \u20ac\t<small>po danu<\/small><\/div><\/div><div class=\"w-pricing-item-footer\"><a class=\"w-btn style_solid size_small color_primary icon_none\" href=\"https:\/\/solta-apartmani.com\/cr\/?page_id=153\"><span class=\"w-btn-label\">Rezervi\u0161i!<\/span><\/a><\/div><\/div><\/div><\/div><\/div><\/div><\/div><div class=\"w-tabs-section\" id=\"1557217583249-fbde5740-b499\"><a href=\"#1557217583249-fbde5740-b499\" class=\"w-tabs-section-header\" style=\"font-size: CIJENE SMJE\u0160TAJA\"><div class=\"w-tabs-section-header-h\"><h5 class=\"w-tabs-section-title\">01.7. \u2013 31.8.<\/h5><div class=\"w-tabs-section-control\"><\/div><\/div><\/a><div class=\"w-tabs-section-content\"><div class=\"w-tabs-section-content-h i-cf\"><div class=\"w-pricing style_1\"><div class=\"w-pricing-item type_default\"><div class=\"w-pricing-item-h\"><div class=\"w-pricing-item-header\"><h5 class=\"w-pricing-item-title\">APARTMAN 2+1<\/h5><div class=\"w-pricing-item-price\">50 \u20ac\t<small>po danu<\/small><\/div><\/div><div class=\"w-pricing-item-footer\"><a class=\"w-btn style_solid size_small color_primary icon_none\" href=\"https:\/\/solta-apartmani.com\/cr\/?page_id=153\" title=\"REZERVACIJE\"><span class=\"w-btn-label\">Rezervi\u0161i!<\/span><\/a><\/div><\/div><\/div><div class=\"w-pricing-item type_default\"><div class=\"w-pricing-item-h\"><div class=\"w-pricing-item-header\"><h5 class=\"w-pricing-item-title\">APARTMAN 4+1<\/h5><div class=\"w-pricing-item-price\">60 \u20ac\t<small>po danu<\/small><\/div><\/div><div class=\"w-pricing-item-footer\"><a class=\"w-btn style_solid size_small color_primary icon_none\" href=\"https:\/\/solta-apartmani.com\/cr\/?page_id=153\" title=\"REZERVACIJE\"><span class=\"w-btn-label\">Rezervi\u0161i!<\/span><\/a><\/div><\/div><\/div><div class=\"w-pricing-item type_default\"><div class=\"w-pricing-item-h\"><div class=\"w-pricing-item-header\"><h5 class=\"w-pricing-item-title\">APARTMAN 6+1<\/h5><div class=\"w-pricing-item-price\">90 \u20ac\t<small>po danu<\/small><\/div><\/div><div class=\"w-pricing-item-footer\"><a class=\"w-btn style_solid size_small color_primary icon_none\" href=\"https:\/\/solta-apartmani.com\/cr\/?page_id=153\" title=\"REZERVACIJE\"><span class=\"w-btn-label\">Rezervi\u0161i!<\/span><\/a><\/div><\/div><\/div><\/div><\/div><\/div><\/div><\/div><\/div><\/div><\/div><div class=\" one-third\">\n<div class=\"wpcf7 no-js\" id=\"wpcf7-f50-o1\" lang=\"en-US\" dir=\"ltr\" data-wpcf7-id=\"50\">\n<div class=\"screen-reader-response\"><p role=\"status\" aria-live=\"polite\" aria-atomic=\"true\"><\/p> <ul><\/ul><\/div>\n<form action=\"\/cr\/index.php?rest_route=%2Fwp%2Fv2%2Fpages%2F19#wpcf7-f50-o1\" method=\"post\" class=\"wpcf7-form init\" aria-label=\"Contact form\" novalidate=\"novalidate\" data-status=\"init\">\n<fieldset class=\"hidden-fields-container\"><input type=\"hidden\" name=\"_wpcf7\" value=\"50\" \/><input type=\"hidden\" name=\"_wpcf7_version\" value=\"6.1.5\" \/><input type=\"hidden\" name=\"_wpcf7_locale\" value=\"en_US\" \/><input type=\"hidden\" name=\"_wpcf7_unit_tag\" value=\"wpcf7-f50-o1\" \/><input type=\"hidden\" name=\"_wpcf7_container_post\" value=\"0\" \/><input type=\"hidden\" name=\"_wpcf7_posted_data_hash\" value=\"\" \/>\n<\/fieldset>\n<p><label> Ime i prezime<br \/>\n<span class=\"wpcf7-form-control-wrap\" data-name=\"your-name\"><input size=\"40\" maxlength=\"400\" class=\"wpcf7-form-control wpcf7-text wpcf7-validates-as-required\" aria-required=\"true\" aria-invalid=\"false\" value=\"\" type=\"text\" name=\"your-name\" \/><\/span> <\/label>\n<\/p>\n<p><label>Telefon<br \/>\n<span class=\"wpcf7-form-control-wrap\" data-name=\"tel-215\"><input size=\"40\" maxlength=\"400\" class=\"wpcf7-form-control wpcf7-tel wpcf7-validates-as-required wpcf7-text wpcf7-validates-as-tel\" aria-required=\"true\" aria-invalid=\"false\" value=\"\" type=\"tel\" name=\"tel-215\" \/><\/span> <\/label>\n<\/p>\n<p><label>Email<br \/>\n<span class=\"wpcf7-form-control-wrap\" data-name=\"your-email\"><input size=\"40\" maxlength=\"400\" class=\"wpcf7-form-control wpcf7-email wpcf7-validates-as-required wpcf7-text wpcf7-validates-as-email\" aria-required=\"true\" aria-invalid=\"false\" value=\"\" type=\"email\" name=\"your-email\" \/><\/span> <\/label>\n<\/p>\n<p><label class=\"brojodraslih\">Dolazak<br \/>\n<span class=\"wpcf7-form-control-wrap date-666\"><input size=\"40\" class=\"wpcf7-form-control wpcf7-date wpcf7-validates-as-required\" type=\"text\" aria-required=\"true\" value=\"\" name=\"date-666\" \/> <\/span><\/label>\n<\/p>\n<p><label class=\"brojdjece\">Odlazak<br \/>\n<span class=\"wpcf7-form-control-wrap date-666\"><input size=\"40\" class=\"wpcf7-form-control wpcf7-date wpcf7-validates-as-required\" type=\"text\" aria-required=\"true\" value=\"\" name=\"date-666\" \/> <\/span><br \/>\n<\/label>\n<\/p>\n<p><label>Tip smje\u0161taja<br \/>\n<span class=\"wpcf7-form-control-wrap\" data-name=\"menu-328\"><select class=\"wpcf7-form-control wpcf7-select wpcf7-validates-as-required\" aria-required=\"true\" aria-invalid=\"false\" name=\"menu-328\"><option value=\"\">&#8212;Please choose an option&#8212;<\/option><option value=\"Apartman 2+1\">Apartman 2+1<\/option><option value=\"Apartman 4+1\">Apartman 4+1<\/option><option value=\"Apartman 6+1\">Apartman 6+1<\/option><\/select><\/span><\/label>\n<\/p>\n<p><label>Usluga<br \/>\n<span class=\"wpcf7-form-control-wrap\" data-name=\"menu-470\"><select class=\"wpcf7-form-control wpcf7-select wpcf7-validates-as-required\" aria-required=\"true\" aria-invalid=\"false\" name=\"menu-470\"><option value=\"\">&#8212;Please choose an option&#8212;<\/option><option value=\"Bez usluge hrane\">Bez usluge hrane<\/option><option value=\"Pansion\">Pansion<\/option><option value=\"Polupansion\">Polupansion<\/option><\/select><\/span><\/label>\n<\/p>\n<p><label class=\"brojodraslih\">Broj odraslih<br \/>\n<span class=\"wpcf7-form-control-wrap\" data-name=\"menu-270\"><select class=\"wpcf7-form-control wpcf7-select wpcf7-validates-as-required\" aria-required=\"true\" aria-invalid=\"false\" name=\"menu-270\"><option value=\"\">&#8212;Please choose an option&#8212;<\/option><option value=\"1\">1<\/option><option value=\"2\">2<\/option><option value=\"3\">3<\/option><option value=\"4\">4<\/option><option value=\"5\">5<\/option><option value=\"6\">6<\/option><\/select><\/span><\/label>\n<\/p>\n<p><label class=\"brojdjece\">Broj djece<br \/>\n<span class=\"wpcf7-form-control-wrap\" data-name=\"menu-271\"><select class=\"wpcf7-form-control wpcf7-select wpcf7-validates-as-required\" aria-required=\"true\" aria-invalid=\"false\" name=\"menu-271\"><option value=\"\">&#8212;Please choose an option&#8212;<\/option><option value=\"1\">1<\/option><option value=\"2\">2<\/option><option value=\"3\">3<\/option><option value=\"4\">4<\/option><option value=\"5\">5<\/option><option value=\"6\">6<\/option><\/select><\/span><\/label>\n<\/p>\n<p><label>Na\u010din pla\u010danja<br \/>\n<span class=\"wpcf7-form-control-wrap\" data-name=\"menu-542\"><select class=\"wpcf7-form-control wpcf7-select wpcf7-validates-as-required\" aria-required=\"true\" aria-invalid=\"false\" name=\"menu-542\"><option value=\"gotovina\">gotovina<\/option><\/select><\/span><br \/>\n<input class=\"wpcf7-form-control wpcf7-submit has-spinner\" type=\"submit\" value=\"Send\" \/><\/label>\n<\/p><p style=\"display: none !important;\" class=\"akismet-fields-container\" data-prefix=\"_wpcf7_ak_\"><label>&#916;<textarea name=\"_wpcf7_ak_hp_textarea\" cols=\"45\" rows=\"8\" maxlength=\"100\"><\/textarea><\/label><input type=\"hidden\" id=\"ak_js_1\" name=\"_wpcf7_ak_js\" value=\"213\"\/><script>document.getElementById( \"ak_js_1\" ).setAttribute( \"value\", ( new Date() ).getTime() );<\/script><\/p><div class=\"wpcf7-response-output\" aria-hidden=\"true\"><\/div>\n<\/form>\n<\/div>\n<\/div><\/div><\/div><\/section>\n","protected":false},"excerpt":{"rendered":"[rev_slider_vc alias=\"glavnislider\"] DOBRODO\u0160LI NA WEB STRANICU VILA IVAN - APARTMANI \u0160OLTA, VL. DARIO PEKI\u0106 Ne\u010dujam je najmla\u0111e mjesto otoka \u0160olte, nastalo izgradnjom vikendica, ali i osmi\u0161ljenom hotelskom izgradnjom. Ne\u010dujam je najve\u0107a, i po mnogima najljep\u0161a uvala na \u0160olti. Sredi\u0161te je oto\u010dkog turizma te svojim turisti\u010dkim naseljem pru\u017ea ugodan odmor turistima svih nivoa, a mnogi su...","protected":false},"author":2,"featured_media":0,"parent":0,"menu_order":0,"comment_status":"closed","ping_status":"closed","template":"","meta":{"footnotes":""},"class_list":["post-19","page","type-page","status-publish","hentry"],"yoast_head":"<!-- This site is optimized with the Yoast SEO plugin v27.2 - https:\/\/yoast.com\/product\/yoast-seo-wordpress\/ -->\n<title>PO\u010cETNA - Vila Ivan - Apartmani \u0160olta<\/title>\n<meta name=\"robots\" content=\"index, follow, max-snippet:-1, max-image-preview:large, max-video-preview:-1\" \/>\n<link rel=\"canonical\" href=\"https:\/\/solta-apartmani.com\/cr\/\" \/>\n<meta property=\"og:locale\" content=\"en_US\" \/>\n<meta property=\"og:type\" content=\"article\" \/>\n<meta property=\"og:title\" content=\"PO\u010cETNA - Vila Ivan - Apartmani \u0160olta\" \/>\n<meta property=\"og:url\" content=\"https:\/\/solta-apartmani.com\/cr\/\" \/>\n<meta property=\"og:site_name\" content=\"Vila Ivan - Apartmani \u0160olta\" \/>\n<meta property=\"article:modified_time\" content=\"2019-05-14T17:06:03+00:00\" \/>\n<meta name=\"twitter:card\" content=\"summary_large_image\" \/>\n<meta name=\"twitter:label1\" content=\"Est. reading time\" \/>\n\t<meta name=\"twitter:data1\" content=\"4 minutes\" \/>\n<script type=\"application\/ld+json\" class=\"yoast-schema-graph\">{\"@context\":\"https:\/\/schema.org\",\"@graph\":[{\"@type\":\"WebPage\",\"@id\":\"https:\/\/solta-apartmani.com\/cr\/\",\"url\":\"https:\/\/solta-apartmani.com\/cr\/\",\"name\":\"PO\u010cETNA - Vila Ivan - Apartmani \u0160olta\",\"isPartOf\":{\"@id\":\"https:\/\/solta-apartmani.com\/cr\/#website\"},\"datePublished\":\"2019-05-06T21:10:54+00:00\",\"dateModified\":\"2019-05-14T17:06:03+00:00\",\"breadcrumb\":{\"@id\":\"https:\/\/solta-apartmani.com\/cr\/#breadcrumb\"},\"inLanguage\":\"en-US\",\"potentialAction\":[{\"@type\":\"ReadAction\",\"target\":[\"https:\/\/solta-apartmani.com\/cr\/\"]}]},{\"@type\":\"BreadcrumbList\",\"@id\":\"https:\/\/solta-apartmani.com\/cr\/#breadcrumb\",\"itemListElement\":[{\"@type\":\"ListItem\",\"position\":1,\"name\":\"Home\",\"item\":\"https:\/\/solta-apartmani.com\/cr\/\"},{\"@type\":\"ListItem\",\"position\":2,\"name\":\"PO\u010cETNA\"}]},{\"@type\":\"WebSite\",\"@id\":\"https:\/\/solta-apartmani.com\/cr\/#website\",\"url\":\"https:\/\/solta-apartmani.com\/cr\/\",\"name\":\"Vila Ivan - Apartmani \u0160olta\",\"description\":\"Vila Ivan - Apartmani \u0160olta\",\"potentialAction\":[{\"@type\":\"SearchAction\",\"target\":{\"@type\":\"EntryPoint\",\"urlTemplate\":\"https:\/\/solta-apartmani.com\/cr\/?s={search_term_string}\"},\"query-input\":{\"@type\":\"PropertyValueSpecification\",\"valueRequired\":true,\"valueName\":\"search_term_string\"}}],\"inLanguage\":\"en-US\"}]}<\/script>\n<!-- \/ Yoast SEO plugin. -->","yoast_head_json":{"title":"PO\u010cETNA - Vila Ivan - Apartmani \u0160olta","robots":{"index":"index","follow":"follow","max-snippet":"max-snippet:-1","max-image-preview":"max-image-preview:large","max-video-preview":"max-video-preview:-1"},"canonical":"https:\/\/solta-apartmani.com\/cr\/","og_locale":"en_US","og_type":"article","og_title":"PO\u010cETNA - Vila Ivan - Apartmani \u0160olta","og_url":"https:\/\/solta-apartmani.com\/cr\/","og_site_name":"Vila Ivan - Apartmani \u0160olta","article_modified_time":"2019-05-14T17:06:03+00:00","twitter_card":"summary_large_image","twitter_misc":{"Est. reading time":"4 minutes"},"schema":{"@context":"https:\/\/schema.org","@graph":[{"@type":"WebPage","@id":"https:\/\/solta-apartmani.com\/cr\/","url":"https:\/\/solta-apartmani.com\/cr\/","name":"PO\u010cETNA - Vila Ivan - Apartmani \u0160olta","isPartOf":{"@id":"https:\/\/solta-apartmani.com\/cr\/#website"},"datePublished":"2019-05-06T21:10:54+00:00","dateModified":"2019-05-14T17:06:03+00:00","breadcrumb":{"@id":"https:\/\/solta-apartmani.com\/cr\/#breadcrumb"},"inLanguage":"en-US","potentialAction":[{"@type":"ReadAction","target":["https:\/\/solta-apartmani.com\/cr\/"]}]},{"@type":"BreadcrumbList","@id":"https:\/\/solta-apartmani.com\/cr\/#breadcrumb","itemListElement":[{"@type":"ListItem","position":1,"name":"Home","item":"https:\/\/solta-apartmani.com\/cr\/"},{"@type":"ListItem","position":2,"name":"PO\u010cETNA"}]},{"@type":"WebSite","@id":"https:\/\/solta-apartmani.com\/cr\/#website","url":"https:\/\/solta-apartmani.com\/cr\/","name":"Vila Ivan - Apartmani \u0160olta","description":"Vila Ivan - Apartmani \u0160olta","potentialAction":[{"@type":"SearchAction","target":{"@type":"EntryPoint","urlTemplate":"https:\/\/solta-apartmani.com\/cr\/?s={search_term_string}"},"query-input":{"@type":"PropertyValueSpecification","valueRequired":true,"valueName":"search_term_string"}}],"inLanguage":"en-US"}]}},"_links":{"self":[{"href":"https:\/\/solta-apartmani.com\/cr\/index.php?rest_route=\/wp\/v2\/pages\/19","targetHints":{"allow":["GET"]}}],"collection":[{"href":"https:\/\/solta-apartmani.com\/cr\/index.php?rest_route=\/wp\/v2\/pages"}],"about":[{"href":"https:\/\/solta-apartmani.com\/cr\/index.php?rest_route=\/wp\/v2\/types\/page"}],"author":[{"embeddable":true,"href":"https:\/\/solta-apartmani.com\/cr\/index.php?rest_route=\/wp\/v2\/users\/2"}],"replies":[{"embeddable":true,"href":"https:\/\/solta-apartmani.com\/cr\/index.php?rest_route=%2Fwp%2Fv2%2Fcomments&post=19"}],"version-history":[{"count":22,"href":"https:\/\/solta-apartmani.com\/cr\/index.php?rest_route=\/wp\/v2\/pages\/19\/revisions"}],"predecessor-version":[{"id":160,"href":"https:\/\/solta-apartmani.com\/cr\/index.php?rest_route=\/wp\/v2\/pages\/19\/revisions\/160"}],"wp:attachment":[{"href":"https:\/\/solta-apartmani.com\/cr\/index.php?rest_route=%2Fwp%2Fv2%2Fmedia&parent=19"}],"curies":[{"name":"wp","href":"https:\/\/api.w.org\/{rel}","templated":true}]}}