{"id":6,"date":"2019-05-06T21:07:43","date_gmt":"2019-05-06T21:07:43","guid":{"rendered":"https:\/\/solta-apartmani.com\/v2\/?page_id=6"},"modified":"2019-05-14T16:44:46","modified_gmt":"2019-05-14T16:44:46","slug":"o-nama","status":"publish","type":"page","link":"https:\/\/solta-apartmani.com\/cr\/?page_id=6","title":{"rendered":"O NAMA"},"content":{"rendered":"\r\n<p>Apartmani\u00a0<strong>&#8220;Vila Ivan&#8221;<\/strong>\u00a0svoju posebnost kriju upravo u smje\u0161taju u okrilju stoljetne borove \u0161ume koja svojom velebno\u0161\u0107u i najja\u010di zvuk pretvara tek u sitni \u0161apat. Vila locirana u samoj \u0161umi tik uz bazen i \u0161ljun\u010danu pla\u017eu posebno je pogodna za smje\u0161taj obitelji s malom djecom te pru\u017eaju mogu\u0107nost bezbri\u017enog boravka djece u okviru zabavnog parka.<\/p>\r\n\r\n\r\n\r\n<p>Uz ugostiteljske sadr\u017eaje, Ne\u010dujam resort posjeduje bogato opremljen trgova\u010dki centar, lije\u010dni\u010dku skrb i svakodnevne zabavne sadr\u017eaje u okviru no\u0107nog \u017eivota smje\u0161tenog uz bazenski kompleks.<\/p>\r\n\r\n\r\n\r\n<p><em><strong>Budite i Vi dio brojnih koji su se uvjerili u to da jedno ljeto provedeno u Ne\u010dujmu postaje dio sna kojeg \u0107ete pamtiti cijeli \u017eivot.<\/strong><\/em><\/p>\r\n\r\n\r\n\r\n<p><iframe loading=\"lazy\" style=\"text-align: center;\" src=\"\/cro\/images\/stories\/virtual\/vila\/\" width=\"100%\" height=\"450\" frameborder=\"0\" scrolling=\"no\"><\/iframe><\/p>\r\n","protected":false},"excerpt":{"rendered":"<p>Apartmani\u00a0&#8220;Vila Ivan&#8221;\u00a0svoju posebnost kriju upravo u smje\u0161taju u okrilju stoljetne borove \u0161ume koja svojom velebno\u0161\u0107u i najja\u010di zvuk pretvara tek u sitni \u0161apat. Vila locirana u samoj \u0161umi tik uz bazen i \u0161ljun\u010danu pla\u017eu posebno je pogodna za smje\u0161taj obitelji s malom djecom te pru\u017eaju mogu\u0107nost bezbri\u017enog boravka djece u okviru zabavnog parka. Uz ugostiteljske&#8230;<\/p>\n","protected":false},"author":2,"featured_media":0,"parent":0,"menu_order":0,"comment_status":"closed","ping_status":"closed","template":"","meta":{"footnotes":""},"class_list":["post-6","page","type-page","status-publish","hentry"],"yoast_head":"<!-- This site is optimized with the Yoast SEO plugin v27.2 - https:\/\/yoast.com\/product\/yoast-seo-wordpress\/ -->\n<title>O NAMA - Vila Ivan - Apartmani \u0160olta<\/title>\n<meta name=\"robots\" content=\"index, follow, max-snippet:-1, max-image-preview:large, max-video-preview:-1\" \/>\n<link rel=\"canonical\" href=\"https:\/\/solta-apartmani.com\/cr\/?page_id=6\" \/>\n<meta property=\"og:locale\" content=\"en_US\" \/>\n<meta property=\"og:type\" content=\"article\" \/>\n<meta property=\"og:title\" content=\"O NAMA - Vila Ivan - Apartmani \u0160olta\" \/>\n<meta property=\"og:description\" content=\"Apartmani\u00a0&#8220;Vila Ivan&#8221;\u00a0svoju posebnost kriju upravo u smje\u0161taju u okrilju stoljetne borove \u0161ume koja svojom velebno\u0161\u0107u i najja\u010di zvuk pretvara tek u sitni \u0161apat. Vila locirana u samoj \u0161umi tik uz bazen i \u0161ljun\u010danu pla\u017eu posebno je pogodna za smje\u0161taj obitelji s malom djecom te pru\u017eaju mogu\u0107nost bezbri\u017enog boravka djece u okviru zabavnog parka. Uz ugostiteljske...\" \/>\n<meta property=\"og:url\" content=\"https:\/\/solta-apartmani.com\/cr\/?page_id=6\" \/>\n<meta property=\"og:site_name\" content=\"Vila Ivan - Apartmani \u0160olta\" \/>\n<meta property=\"article:modified_time\" content=\"2019-05-14T16:44:46+00:00\" \/>\n<meta name=\"twitter:card\" content=\"summary_large_image\" \/>\n<meta name=\"twitter:label1\" content=\"Est. reading time\" \/>\n\t<meta name=\"twitter:data1\" content=\"1 minute\" \/>\n<script type=\"application\/ld+json\" class=\"yoast-schema-graph\">{\"@context\":\"https:\/\/schema.org\",\"@graph\":[{\"@type\":\"WebPage\",\"@id\":\"https:\/\/solta-apartmani.com\/cr\/?page_id=6\",\"url\":\"https:\/\/solta-apartmani.com\/cr\/?page_id=6\",\"name\":\"O NAMA - Vila Ivan - Apartmani \u0160olta\",\"isPartOf\":{\"@id\":\"https:\/\/solta-apartmani.com\/cr\/#website\"},\"datePublished\":\"2019-05-06T21:07:43+00:00\",\"dateModified\":\"2019-05-14T16:44:46+00:00\",\"breadcrumb\":{\"@id\":\"https:\/\/solta-apartmani.com\/cr\/?page_id=6#breadcrumb\"},\"inLanguage\":\"en-US\",\"potentialAction\":[{\"@type\":\"ReadAction\",\"target\":[\"https:\/\/solta-apartmani.com\/cr\/?page_id=6\"]}]},{\"@type\":\"BreadcrumbList\",\"@id\":\"https:\/\/solta-apartmani.com\/cr\/?page_id=6#breadcrumb\",\"itemListElement\":[{\"@type\":\"ListItem\",\"position\":1,\"name\":\"Home\",\"item\":\"https:\/\/solta-apartmani.com\/cr\/\"},{\"@type\":\"ListItem\",\"position\":2,\"name\":\"O NAMA\"}]},{\"@type\":\"WebSite\",\"@id\":\"https:\/\/solta-apartmani.com\/cr\/#website\",\"url\":\"https:\/\/solta-apartmani.com\/cr\/\",\"name\":\"Vila Ivan - Apartmani \u0160olta\",\"description\":\"Vila Ivan - Apartmani \u0160olta\",\"potentialAction\":[{\"@type\":\"SearchAction\",\"target\":{\"@type\":\"EntryPoint\",\"urlTemplate\":\"https:\/\/solta-apartmani.com\/cr\/?s={search_term_string}\"},\"query-input\":{\"@type\":\"PropertyValueSpecification\",\"valueRequired\":true,\"valueName\":\"search_term_string\"}}],\"inLanguage\":\"en-US\"}]}<\/script>\n<!-- \/ Yoast SEO plugin. -->","yoast_head_json":{"title":"O NAMA - Vila Ivan - Apartmani \u0160olta","robots":{"index":"index","follow":"follow","max-snippet":"max-snippet:-1","max-image-preview":"max-image-preview:large","max-video-preview":"max-video-preview:-1"},"canonical":"https:\/\/solta-apartmani.com\/cr\/?page_id=6","og_locale":"en_US","og_type":"article","og_title":"O NAMA - Vila Ivan - Apartmani \u0160olta","og_description":"Apartmani\u00a0&#8220;Vila Ivan&#8221;\u00a0svoju posebnost kriju upravo u smje\u0161taju u okrilju stoljetne borove \u0161ume koja svojom velebno\u0161\u0107u i najja\u010di zvuk pretvara tek u sitni \u0161apat. Vila locirana u samoj \u0161umi tik uz bazen i \u0161ljun\u010danu pla\u017eu posebno je pogodna za smje\u0161taj obitelji s malom djecom te pru\u017eaju mogu\u0107nost bezbri\u017enog boravka djece u okviru zabavnog parka. Uz ugostiteljske...","og_url":"https:\/\/solta-apartmani.com\/cr\/?page_id=6","og_site_name":"Vila Ivan - Apartmani \u0160olta","article_modified_time":"2019-05-14T16:44:46+00:00","twitter_card":"summary_large_image","twitter_misc":{"Est. reading time":"1 minute"},"schema":{"@context":"https:\/\/schema.org","@graph":[{"@type":"WebPage","@id":"https:\/\/solta-apartmani.com\/cr\/?page_id=6","url":"https:\/\/solta-apartmani.com\/cr\/?page_id=6","name":"O NAMA - Vila Ivan - Apartmani \u0160olta","isPartOf":{"@id":"https:\/\/solta-apartmani.com\/cr\/#website"},"datePublished":"2019-05-06T21:07:43+00:00","dateModified":"2019-05-14T16:44:46+00:00","breadcrumb":{"@id":"https:\/\/solta-apartmani.com\/cr\/?page_id=6#breadcrumb"},"inLanguage":"en-US","potentialAction":[{"@type":"ReadAction","target":["https:\/\/solta-apartmani.com\/cr\/?page_id=6"]}]},{"@type":"BreadcrumbList","@id":"https:\/\/solta-apartmani.com\/cr\/?page_id=6#breadcrumb","itemListElement":[{"@type":"ListItem","position":1,"name":"Home","item":"https:\/\/solta-apartmani.com\/cr\/"},{"@type":"ListItem","position":2,"name":"O NAMA"}]},{"@type":"WebSite","@id":"https:\/\/solta-apartmani.com\/cr\/#website","url":"https:\/\/solta-apartmani.com\/cr\/","name":"Vila Ivan - Apartmani \u0160olta","description":"Vila Ivan - Apartmani \u0160olta","potentialAction":[{"@type":"SearchAction","target":{"@type":"EntryPoint","urlTemplate":"https:\/\/solta-apartmani.com\/cr\/?s={search_term_string}"},"query-input":{"@type":"PropertyValueSpecification","valueRequired":true,"valueName":"search_term_string"}}],"inLanguage":"en-US"}]}},"_links":{"self":[{"href":"https:\/\/solta-apartmani.com\/cr\/index.php?rest_route=\/wp\/v2\/pages\/6","targetHints":{"allow":["GET"]}}],"collection":[{"href":"https:\/\/solta-apartmani.com\/cr\/index.php?rest_route=\/wp\/v2\/pages"}],"about":[{"href":"https:\/\/solta-apartmani.com\/cr\/index.php?rest_route=\/wp\/v2\/types\/page"}],"author":[{"embeddable":true,"href":"https:\/\/solta-apartmani.com\/cr\/index.php?rest_route=\/wp\/v2\/users\/2"}],"replies":[{"embeddable":true,"href":"https:\/\/solta-apartmani.com\/cr\/index.php?rest_route=%2Fwp%2Fv2%2Fcomments&post=6"}],"version-history":[{"count":7,"href":"https:\/\/solta-apartmani.com\/cr\/index.php?rest_route=\/wp\/v2\/pages\/6\/revisions"}],"predecessor-version":[{"id":149,"href":"https:\/\/solta-apartmani.com\/cr\/index.php?rest_route=\/wp\/v2\/pages\/6\/revisions\/149"}],"wp:attachment":[{"href":"https:\/\/solta-apartmani.com\/cr\/index.php?rest_route=%2Fwp%2Fv2%2Fmedia&parent=6"}],"curies":[{"name":"wp","href":"https:\/\/api.w.org\/{rel}","templated":true}]}}