{"id":19,"date":"2019-05-06T21:10:54","date_gmt":"2019-05-06T21:10:54","guid":{"rendered":"https:\/\/solta-apartmani.com\/v2\/?page_id=19"},"modified":"2019-05-14T17:16:33","modified_gmt":"2019-05-14T17:16:33","slug":"pocetna","status":"publish","type":"page","link":"https:\/\/solta-apartmani.com\/en\/","title":{"rendered":"HOME"},"content":{"rendered":"<section class=\"l-section wpb_row height_medium\"><div class=\"l-section-h i-cf\"><div class=\"g-cols offset_small\"><div class=\" full-width\">[rev_slider_vc alias=&#8221;glavnislider&#8221;]<\/div><\/div><\/div><\/section><section class=\"l-section wpb_row height_medium\"><div class=\"l-section-h i-cf\"><div class=\"g-cols offset_small\"><div class=\" two-thirds\"><div class=\"wpb_text_column \"><div class=\"wpb_wrapper\">\n<h4>DOBRODO\u0160LI NA WEB STRANICU VILA IVAN &#8211; APARTMANI \u0160OLTA, VL. DARIO PEKI\u0106<\/h4>\n<\/div> <\/div> <div class=\"wpb_text_column \"><div class=\"wpb_wrapper\"><strong><span data-scayt_word=\"Ne\u010dujam\" data-scaytid=\"1\">Ne\u010dujam<\/span>\u00a0<\/strong>is the most recently founded settlement that grew from private vacation houses as well as planned hotel construction.\u00a0<span data-scayt_word=\"Ne\u010dujam\" data-scaytid=\"2\">Ne\u010dujam<\/span>\u00a0is the largest and\u00a0<strong>most beautiful cove on\u00a0<span data-scayt_word=\"\u0160olta\" data-scaytid=\"3\">\u0160olta<\/span><\/strong>. It is the tourist center of the island, which, due to its extensive accommodation offer meets all guests\u2019 needs, some of them being regular visitors for decades. Due to is numerous coves like\u00a0<span data-scayt_word=\"Pi\u0161kera\" data-scaytid=\"4\">Pi\u0161kera<\/span>,\u00a0<span data-scayt_word=\"Maslinica\" data-scaytid=\"5\">Maslinica<\/span>,\u00a0<span data-scayt_word=\"Podkamenica\" data-scaytid=\"6\">Podkamenica<\/span>,\u00a0<span data-scayt_word=\"\u0160umpljivina\" data-scaytid=\"7\">\u0160umpljivina<\/span>\u00a0and\u00a0<span data-scayt_word=\"Tiha\" data-scaytid=\"8\">Tiha<\/span>,\u00a0<strong>Island\u00a0<span data-scayt_word=\"\u0160olta\" data-scaytid=\"9\">\u0160olta<\/span><\/strong>\u00a0has a great potential of becoming important nautical and excursion center.<\/p>\n<p>Today, it is a modern tourist village connected with the mainland (<strong>Split<\/strong>) few times a day, while the rest of the island can be further reached by taxi or bus line.\u00a0<strong><span data-scayt_word=\"Ne\u010dujam\" data-scaytid=\"11\">Ne\u010dujam<\/span>\u00a0<\/strong>is the center of the island mainly because of our tourist village.<\/p>\n<p><strong>Beach in\u00a0<span data-scayt_word=\"Ne\u010dujam\" data-scaytid=\"13\">Ne\u010dujam<\/span>\u00a0is the largest on the island.<\/strong>\u00a0It was made artificially by adding granulated pebbles, material ideal for the formation of new beaches. Beach is regularly cleansed and maintained and it has additional facilities like showers, two beach buffets, water slide, rent a boat office, fast food, tennis courts and table tennis.<\/div> <\/div> <div class=\"w-tabs layout_default icon_chevron iconpos_right \"><div class=\"w-tabs-list items_3 stretch\"><div class=\"w-tabs-list-h\"><div class=\"w-tabs-item active\" style=\"font-size: CIJENE SMJE\u0160TAJA\"><a href=\"#1557217546486-8b2769d5-ebfa\" class=\"w-tabs-item-h\"><span class=\"w-tabs-item-title\">01.5. \u2013 31.5. 01.10. \u2013 31.10.<\/span><\/a><\/div>\n<div class=\"w-tabs-item\" style=\"font-size: CIJENE SMJE\u0160TAJA\"><a href=\"#1557217546546-a296cdc0-a956\" class=\"w-tabs-item-h\"><span class=\"w-tabs-item-title\">01.6. \u2013 30.6. 01.9. \u2013 30.9.<\/span><\/a><\/div>\n<div class=\"w-tabs-item\" style=\"font-size: CIJENE SMJE\u0160TAJA\"><a href=\"#1557217583249-fbde5740-b499\" class=\"w-tabs-item-h\"><span class=\"w-tabs-item-title\">01.7. \u2013 31.8.<\/span><\/a><\/div>\n<\/div><\/div><div class=\"w-tabs-sections\"><div class=\"w-tabs-sections-h\"><div class=\"w-tabs-section active\" id=\"1557217546486-8b2769d5-ebfa\"><a href=\"#1557217546486-8b2769d5-ebfa\" class=\"w-tabs-section-header\" style=\"font-size: CIJENE SMJE\u0160TAJA\"><div class=\"w-tabs-section-header-h\"><h5 class=\"w-tabs-section-title\">01.5. \u2013 31.5. 01.10. \u2013 31.10.<\/h5><div class=\"w-tabs-section-control\"><\/div><\/div><\/a><div class=\"w-tabs-section-content\"><div class=\"w-tabs-section-content-h i-cf\"><div class=\"w-pricing style_1\"><div class=\"w-pricing-item type_default\"><div class=\"w-pricing-item-h\"><div class=\"w-pricing-item-header\"><h5 class=\"w-pricing-item-title\">APARTMAN 2+1<\/h5><div class=\"w-pricing-item-price\">40 \u20ac\t<small>po danu<\/small><\/div><\/div><div class=\"w-pricing-item-footer\"><a class=\"w-btn style_solid size_small color_primary icon_none\" href=\"https:\/\/solta-apartmani.com\/cr\/?page_id=153\" title=\"REZERVACIJE\"><span class=\"w-btn-label\">Rezervi\u0161i!<\/span><\/a><\/div><\/div><\/div><div class=\"w-pricing-item type_default\"><div class=\"w-pricing-item-h\"><div class=\"w-pricing-item-header\"><h5 class=\"w-pricing-item-title\">APARTMAN 4+1<\/h5><div class=\"w-pricing-item-price\">50 \u20ac\t<small>po danu<\/small><\/div><\/div><div class=\"w-pricing-item-footer\"><a class=\"w-btn style_solid size_small color_primary icon_none\" href=\"https:\/\/solta-apartmani.com\/cr\/?page_id=153\" title=\"REZERVACIJE\"><span class=\"w-btn-label\">Rezervi\u0161i!<\/span><\/a><\/div><\/div><\/div><div class=\"w-pricing-item type_default\"><div class=\"w-pricing-item-h\"><div class=\"w-pricing-item-header\"><h5 class=\"w-pricing-item-title\">APARTMAN 6+1<\/h5><div class=\"w-pricing-item-price\">80 \u20ac\t<small>po danu<\/small><\/div><\/div><div class=\"w-pricing-item-footer\"><a class=\"w-btn style_solid size_small color_primary icon_none\" href=\"https:\/\/solta-apartmani.com\/cr\/?page_id=153\" title=\"REZERVACIJE\"><span class=\"w-btn-label\">Rezervi\u0161i!<\/span><\/a><\/div><\/div><\/div><\/div><\/div><\/div><\/div><div class=\"w-tabs-section\" id=\"1557217546546-a296cdc0-a956\"><a href=\"#1557217546546-a296cdc0-a956\" class=\"w-tabs-section-header\" style=\"font-size: CIJENE SMJE\u0160TAJA\"><div class=\"w-tabs-section-header-h\"><h5 class=\"w-tabs-section-title\">01.6. \u2013 30.6. 01.9. \u2013 30.9.<\/h5><div class=\"w-tabs-section-control\"><\/div><\/div><\/a><div class=\"w-tabs-section-content\"><div class=\"w-tabs-section-content-h i-cf\"><div class=\"w-pricing style_1\"><div class=\"w-pricing-item type_default\"><div class=\"w-pricing-item-h\"><div class=\"w-pricing-item-header\"><h5 class=\"w-pricing-item-title\">APARTMAN 2+1<\/h5><div class=\"w-pricing-item-price\">45 \u20ac\t<small>po danu<\/small><\/div><\/div><div class=\"w-pricing-item-footer\"><a class=\"w-btn style_solid size_small color_primary icon_none\" href=\"https:\/\/solta-apartmani.com\/cr\/?page_id=153\"><span class=\"w-btn-label\">Rezervi\u0161i!<\/span><\/a><\/div><\/div><\/div><div class=\"w-pricing-item type_default\"><div class=\"w-pricing-item-h\"><div class=\"w-pricing-item-header\"><h5 class=\"w-pricing-item-title\">APARTMAN 4+1<\/h5><div class=\"w-pricing-item-price\">55 \u20ac\t<small>po danu<\/small><\/div><\/div><div class=\"w-pricing-item-footer\"><a class=\"w-btn style_solid size_small color_primary icon_none\" href=\"https:\/\/solta-apartmani.com\/cr\/?page_id=153\"><span class=\"w-btn-label\">Rezervi\u0161i!<\/span><\/a><\/div><\/div><\/div><div class=\"w-pricing-item type_default\"><div class=\"w-pricing-item-h\"><div class=\"w-pricing-item-header\"><h5 class=\"w-pricing-item-title\">APARTMAN 6+1<\/h5><div class=\"w-pricing-item-price\">85 \u20ac\t<small>po danu<\/small><\/div><\/div><div class=\"w-pricing-item-footer\"><a class=\"w-btn style_solid size_small color_primary icon_none\" href=\"https:\/\/solta-apartmani.com\/cr\/?page_id=153\"><span class=\"w-btn-label\">Rezervi\u0161i!<\/span><\/a><\/div><\/div><\/div><\/div><\/div><\/div><\/div><div class=\"w-tabs-section\" id=\"1557217583249-fbde5740-b499\"><a href=\"#1557217583249-fbde5740-b499\" class=\"w-tabs-section-header\" style=\"font-size: CIJENE SMJE\u0160TAJA\"><div class=\"w-tabs-section-header-h\"><h5 class=\"w-tabs-section-title\">01.7. \u2013 31.8.<\/h5><div class=\"w-tabs-section-control\"><\/div><\/div><\/a><div class=\"w-tabs-section-content\"><div class=\"w-tabs-section-content-h i-cf\"><div class=\"w-pricing style_1\"><div class=\"w-pricing-item type_default\"><div class=\"w-pricing-item-h\"><div class=\"w-pricing-item-header\"><h5 class=\"w-pricing-item-title\">APARTMAN 2+1<\/h5><div class=\"w-pricing-item-price\">50 \u20ac\t<small>po danu<\/small><\/div><\/div><div class=\"w-pricing-item-footer\"><a class=\"w-btn style_solid size_small color_primary icon_none\" href=\"https:\/\/solta-apartmani.com\/cr\/?page_id=153\" title=\"REZERVACIJE\"><span class=\"w-btn-label\">Rezervi\u0161i!<\/span><\/a><\/div><\/div><\/div><div class=\"w-pricing-item type_default\"><div class=\"w-pricing-item-h\"><div class=\"w-pricing-item-header\"><h5 class=\"w-pricing-item-title\">APARTMAN 4+1<\/h5><div class=\"w-pricing-item-price\">60 \u20ac\t<small>po danu<\/small><\/div><\/div><div class=\"w-pricing-item-footer\"><a class=\"w-btn style_solid size_small color_primary icon_none\" href=\"https:\/\/solta-apartmani.com\/cr\/?page_id=153\" title=\"REZERVACIJE\"><span class=\"w-btn-label\">Rezervi\u0161i!<\/span><\/a><\/div><\/div><\/div><div class=\"w-pricing-item type_default\"><div class=\"w-pricing-item-h\"><div class=\"w-pricing-item-header\"><h5 class=\"w-pricing-item-title\">APARTMAN 6+1<\/h5><div class=\"w-pricing-item-price\">90 \u20ac\t<small>po danu<\/small><\/div><\/div><div class=\"w-pricing-item-footer\"><a class=\"w-btn style_solid size_small color_primary icon_none\" href=\"https:\/\/solta-apartmani.com\/cr\/?page_id=153\" title=\"REZERVACIJE\"><span class=\"w-btn-label\">Rezervi\u0161i!<\/span><\/a><\/div><\/div><\/div><\/div><\/div><\/div><\/div><\/div><\/div><\/div><\/div><div class=\" one-third\">\n<div class=\"wpcf7 no-js\" id=\"wpcf7-f50-o1\" lang=\"en-US\" dir=\"ltr\" data-wpcf7-id=\"50\">\n<div class=\"screen-reader-response\"><p role=\"status\" aria-live=\"polite\" aria-atomic=\"true\"><\/p> <ul><\/ul><\/div>\n<form action=\"\/en\/index.php?rest_route=%2Fwp%2Fv2%2Fpages%2F19#wpcf7-f50-o1\" method=\"post\" class=\"wpcf7-form init\" aria-label=\"Contact form\" novalidate=\"novalidate\" data-status=\"init\">\n<fieldset class=\"hidden-fields-container\"><input type=\"hidden\" name=\"_wpcf7\" value=\"50\" \/><input type=\"hidden\" name=\"_wpcf7_version\" value=\"6.1.5\" \/><input type=\"hidden\" name=\"_wpcf7_locale\" value=\"en_US\" \/><input type=\"hidden\" name=\"_wpcf7_unit_tag\" value=\"wpcf7-f50-o1\" \/><input type=\"hidden\" name=\"_wpcf7_container_post\" value=\"0\" \/><input type=\"hidden\" name=\"_wpcf7_posted_data_hash\" value=\"\" \/>\n<\/fieldset>\n<p><label> Ime i prezime<br \/>\n<span class=\"wpcf7-form-control-wrap\" data-name=\"your-name\"><input size=\"40\" maxlength=\"400\" class=\"wpcf7-form-control wpcf7-text wpcf7-validates-as-required\" aria-required=\"true\" aria-invalid=\"false\" value=\"\" type=\"text\" name=\"your-name\" \/><\/span> <\/label>\n<\/p>\n<p><label>Telefon<br \/>\n<span class=\"wpcf7-form-control-wrap\" data-name=\"tel-215\"><input size=\"40\" maxlength=\"400\" class=\"wpcf7-form-control wpcf7-tel wpcf7-validates-as-required wpcf7-text wpcf7-validates-as-tel\" aria-required=\"true\" aria-invalid=\"false\" value=\"\" type=\"tel\" name=\"tel-215\" \/><\/span> <\/label>\n<\/p>\n<p><label>Email<br \/>\n<span class=\"wpcf7-form-control-wrap\" data-name=\"your-email\"><input size=\"40\" maxlength=\"400\" class=\"wpcf7-form-control wpcf7-email wpcf7-validates-as-required wpcf7-text wpcf7-validates-as-email\" aria-required=\"true\" aria-invalid=\"false\" value=\"\" type=\"email\" name=\"your-email\" \/><\/span> <\/label>\n<\/p>\n<p><label class=\"brojodraslih\">Dolazak<br \/>\n<span class=\"wpcf7-form-control-wrap date-666\"><input size=\"40\" class=\"wpcf7-form-control wpcf7-date wpcf7-validates-as-required\" type=\"text\" aria-required=\"true\" value=\"\" name=\"date-666\" \/> <\/span><\/label>\n<\/p>\n<p><label class=\"brojdjece\">Odlazak<br \/>\n<span class=\"wpcf7-form-control-wrap date-666\"><input size=\"40\" class=\"wpcf7-form-control wpcf7-date wpcf7-validates-as-required\" type=\"text\" aria-required=\"true\" value=\"\" name=\"date-666\" \/> <\/span><br \/>\n<\/label>\n<\/p>\n<p><label>Tip smje\u0161taja<br \/>\n<span class=\"wpcf7-form-control-wrap\" data-name=\"menu-328\"><select class=\"wpcf7-form-control wpcf7-select wpcf7-validates-as-required\" aria-required=\"true\" aria-invalid=\"false\" name=\"menu-328\"><option value=\"\">&#8212;Please choose an option&#8212;<\/option><option value=\"Apartman 2+1\">Apartman 2+1<\/option><option value=\"Apartman 4+1\">Apartman 4+1<\/option><option value=\"Apartman 6+1\">Apartman 6+1<\/option><\/select><\/span><\/label>\n<\/p>\n<p><label>Usluga<br \/>\n<span class=\"wpcf7-form-control-wrap\" data-name=\"menu-470\"><select class=\"wpcf7-form-control wpcf7-select wpcf7-validates-as-required\" aria-required=\"true\" aria-invalid=\"false\" name=\"menu-470\"><option value=\"\">&#8212;Please choose an option&#8212;<\/option><option value=\"Bez usluge hrane\">Bez usluge hrane<\/option><option value=\"Pansion\">Pansion<\/option><option value=\"Polupansion\">Polupansion<\/option><\/select><\/span><\/label>\n<\/p>\n<p><label class=\"brojodraslih\">Broj odraslih<br \/>\n<span class=\"wpcf7-form-control-wrap\" data-name=\"menu-270\"><select class=\"wpcf7-form-control wpcf7-select wpcf7-validates-as-required\" aria-required=\"true\" aria-invalid=\"false\" name=\"menu-270\"><option value=\"\">&#8212;Please choose an option&#8212;<\/option><option value=\"1\">1<\/option><option value=\"2\">2<\/option><option value=\"3\">3<\/option><option value=\"4\">4<\/option><option value=\"5\">5<\/option><option value=\"6\">6<\/option><\/select><\/span><\/label>\n<\/p>\n<p><label class=\"brojdjece\">Broj djece<br \/>\n<span class=\"wpcf7-form-control-wrap\" data-name=\"menu-271\"><select class=\"wpcf7-form-control wpcf7-select wpcf7-validates-as-required\" aria-required=\"true\" aria-invalid=\"false\" name=\"menu-271\"><option value=\"\">&#8212;Please choose an option&#8212;<\/option><option value=\"1\">1<\/option><option value=\"2\">2<\/option><option value=\"3\">3<\/option><option value=\"4\">4<\/option><option value=\"5\">5<\/option><option value=\"6\">6<\/option><\/select><\/span><\/label>\n<\/p>\n<p><label>Na\u010din pla\u010danja<br \/>\n<span class=\"wpcf7-form-control-wrap\" data-name=\"menu-542\"><select class=\"wpcf7-form-control wpcf7-select wpcf7-validates-as-required\" aria-required=\"true\" aria-invalid=\"false\" name=\"menu-542\"><option value=\"gotovina\">gotovina<\/option><\/select><\/span><br \/>\n<input class=\"wpcf7-form-control wpcf7-submit has-spinner\" type=\"submit\" value=\"Send\" \/><\/label>\n<\/p><p style=\"display: none !important;\" class=\"akismet-fields-container\" data-prefix=\"_wpcf7_ak_\"><label>&#916;<textarea name=\"_wpcf7_ak_hp_textarea\" cols=\"45\" rows=\"8\" maxlength=\"100\"><\/textarea><\/label><input type=\"hidden\" id=\"ak_js_1\" name=\"_wpcf7_ak_js\" value=\"138\"\/><script>document.getElementById( \"ak_js_1\" ).setAttribute( \"value\", ( new Date() ).getTime() );<\/script><\/p><div class=\"wpcf7-response-output\" aria-hidden=\"true\"><\/div>\n<\/form>\n<\/div>\n<\/div><\/div><\/div><\/section>\n","protected":false},"excerpt":{"rendered":"[rev_slider_vc alias=\"glavnislider\"] DOBRODO\u0160LI NA WEB STRANICU VILA IVAN - APARTMANI \u0160OLTA, VL. DARIO PEKI\u0106 Ne\u010dujam\u00a0is the most recently founded settlement that grew from private vacation houses as well as planned hotel construction.\u00a0Ne\u010dujam\u00a0is the largest and\u00a0most beautiful cove on\u00a0\u0160olta. It is the tourist center of the island, which, due to its extensive accommodation offer meets all...","protected":false},"author":1,"featured_media":0,"parent":0,"menu_order":0,"comment_status":"closed","ping_status":"closed","template":"","meta":{"footnotes":""},"class_list":["post-19","page","type-page","status-publish","hentry"],"_links":{"self":[{"href":"https:\/\/solta-apartmani.com\/en\/index.php?rest_route=\/wp\/v2\/pages\/19","targetHints":{"allow":["GET"]}}],"collection":[{"href":"https:\/\/solta-apartmani.com\/en\/index.php?rest_route=\/wp\/v2\/pages"}],"about":[{"href":"https:\/\/solta-apartmani.com\/en\/index.php?rest_route=\/wp\/v2\/types\/page"}],"author":[{"embeddable":true,"href":"https:\/\/solta-apartmani.com\/en\/index.php?rest_route=\/wp\/v2\/users\/1"}],"replies":[{"embeddable":true,"href":"https:\/\/solta-apartmani.com\/en\/index.php?rest_route=%2Fwp%2Fv2%2Fcomments&post=19"}],"version-history":[{"count":2,"href":"https:\/\/solta-apartmani.com\/en\/index.php?rest_route=\/wp\/v2\/pages\/19\/revisions"}],"predecessor-version":[{"id":168,"href":"https:\/\/solta-apartmani.com\/en\/index.php?rest_route=\/wp\/v2\/pages\/19\/revisions\/168"}],"wp:attachment":[{"href":"https:\/\/solta-apartmani.com\/en\/index.php?rest_route=%2Fwp%2Fv2%2Fmedia&parent=19"}],"curies":[{"name":"wp","href":"https:\/\/api.w.org\/{rel}","templated":true}]}}